{"id":30,"date":"2024-09-20T11:50:15","date_gmt":"2024-09-20T11:50:15","guid":{"rendered":"https:\/\/carpinteriaartetxe.rkinformatika.online\/?page_id=30"},"modified":"2024-12-10T16:59:40","modified_gmt":"2024-12-10T16:59:40","slug":"servicios","status":"publish","type":"page","link":"https:\/\/izaskunrobles.com\/en\/servicios\/","title":{"rendered":"Services"},"content":{"rendered":"<div data-elementor-type=\"wp-page\" data-elementor-id=\"30\" class=\"elementor elementor-30\" data-elementor-post-type=\"page\">\n\t\t\t\t<div class=\"elementor-element elementor-element-98f54c1 e-flex e-con-boxed e-con e-parent\" data-id=\"98f54c1\" data-element_type=\"container\" data-e-type=\"container\">\n\t\t\t\t\t<div class=\"e-con-inner\">\n\t\t\t\t<div class=\"elementor-element elementor-element-675d105 elementor-widget elementor-widget-heading\" data-id=\"675d105\" data-element_type=\"widget\" data-e-type=\"widget\" data-widget_type=\"heading.default\">\n\t\t\t\t<div class=\"elementor-widget-container\">\n\t\t\t\t\t<h2 class=\"elementor-heading-title elementor-size-default\">Services<\/h2>\t\t\t\t<\/div>\n\t\t\t\t<\/div>\n\t\t\t\t\t<\/div>\n\t\t\t\t<\/div>\n\t\t<div class=\"elementor-element elementor-element-8c0ddd0 e-flex e-con-boxed e-con e-parent\" data-id=\"8c0ddd0\" data-element_type=\"container\" data-e-type=\"container\">\n\t\t\t\t\t<div class=\"e-con-inner\">\n\t\t\t\t<div class=\"elementor-element elementor-element-5cc4683 elementor-position-left elementor-vertical-align-top elementor-widget elementor-widget-image-box\" data-id=\"5cc4683\" data-element_type=\"widget\" data-e-type=\"widget\" data-widget_type=\"image-box.default\">\n\t\t\t\t<div class=\"elementor-widget-container\">\n\t\t\t\t\t<div class=\"elementor-image-box-wrapper\"><figure class=\"elementor-image-box-img\"><img fetchpriority=\"high\" decoding=\"async\" width=\"540\" height=\"675\" src=\"https:\/\/izaskunrobles.com\/wp-content\/uploads\/2024\/12\/facebook_1733080840605_7269067902076402184-Izaskun.jpg\" class=\"attachment-full size-full wp-image-920\" alt=\"\" srcset=\"https:\/\/izaskunrobles.com\/wp-content\/uploads\/2024\/12\/facebook_1733080840605_7269067902076402184-Izaskun.jpg 540w, https:\/\/izaskunrobles.com\/wp-content\/uploads\/2024\/12\/facebook_1733080840605_7269067902076402184-Izaskun-240x300.jpg 240w, https:\/\/izaskunrobles.com\/wp-content\/uploads\/2024\/12\/facebook_1733080840605_7269067902076402184-Izaskun-10x12.jpg 10w\" sizes=\"(max-width: 540px) 100vw, 540px\" \/><\/figure><div class=\"elementor-image-box-content\"><h3 class=\"elementor-image-box-title\">Peluquer\u00eda Femenina<\/h3><p class=\"elementor-image-box-description\">Ofrecemos todo tipo de trabajos para realzar tu estilo y belleza:\n<br><br>\n- Recogidos: Peinados elegantes para ocasiones especiales.<br><br>\n- Tintes y mechas: Cambios de color y t\u00e9cnicas de iluminaci\u00f3n para un look moderno y personalizado.<br><br>\n- Alisados de queratina: Tratamientos profesionales para un cabello suave, brillante y sin encrespamiento.<br><br>\n- Corte y peinado: Dise\u00f1os adaptados a tus gustos, desde lo cl\u00e1sico hasta las \u00faltimas tendencias.<\/p><\/div><\/div>\t\t\t\t<\/div>\n\t\t\t\t<\/div>\n\t\t\t\t\t<\/div>\n\t\t\t\t<\/div>\n\t\t<div class=\"elementor-element elementor-element-9b6aa66 e-flex e-con-boxed e-con e-parent\" data-id=\"9b6aa66\" data-element_type=\"container\" data-e-type=\"container\">\n\t\t\t\t\t<div class=\"e-con-inner\">\n\t\t\t\t<div class=\"elementor-element elementor-element-ae64853 elementor-position-left elementor-vertical-align-middle elementor-vertical-align-top elementor-widget elementor-widget-image-box\" data-id=\"ae64853\" data-element_type=\"widget\" data-e-type=\"widget\" data-widget_type=\"image-box.default\">\n\t\t\t\t<div class=\"elementor-widget-container\">\n\t\t\t\t\t<div class=\"elementor-image-box-wrapper\"><figure class=\"elementor-image-box-img\"><img decoding=\"async\" width=\"1080\" height=\"1080\" src=\"https:\/\/izaskunrobles.com\/wp-content\/uploads\/2024\/12\/facebook_1733080430417_7269066181620717329-Izaskun-1.jpg\" class=\"attachment-full size-full wp-image-923\" alt=\"\" srcset=\"https:\/\/izaskunrobles.com\/wp-content\/uploads\/2024\/12\/facebook_1733080430417_7269066181620717329-Izaskun-1.jpg 1080w, https:\/\/izaskunrobles.com\/wp-content\/uploads\/2024\/12\/facebook_1733080430417_7269066181620717329-Izaskun-1-300x300.jpg 300w, https:\/\/izaskunrobles.com\/wp-content\/uploads\/2024\/12\/facebook_1733080430417_7269066181620717329-Izaskun-1-1024x1024.jpg 1024w, https:\/\/izaskunrobles.com\/wp-content\/uploads\/2024\/12\/facebook_1733080430417_7269066181620717329-Izaskun-1-150x150.jpg 150w, https:\/\/izaskunrobles.com\/wp-content\/uploads\/2024\/12\/facebook_1733080430417_7269066181620717329-Izaskun-1-768x768.jpg 768w, https:\/\/izaskunrobles.com\/wp-content\/uploads\/2024\/12\/facebook_1733080430417_7269066181620717329-Izaskun-1-12x12.jpg 12w\" sizes=\"(max-width: 1080px) 100vw, 1080px\" \/><\/figure><div class=\"elementor-image-box-content\"><h3 class=\"elementor-image-box-title\">Barber\u00eda y Peluquer\u00eda Masculina<\/h3><p class=\"elementor-image-box-description\">Disfruta de un servicio aut\u00e9ntico y tradicional:\n<br><br>\n- Afeitado a navaja en sill\u00f3n de barbero: Una experiencia \u00fanica con t\u00e9cnicas cl\u00e1sicas y productos de calidad para un resultado impecable.\n<br><br>\nRenueva tu imagen con nuestros servicios especializados para hombres:\n<br><br>\n- Cortes modernos o cl\u00e1sicos: Dise\u00f1ados seg\u00fan tus preferencias y necesidades.<br><br>\n- Cuidado de barba: Recortes y modelados para un estilo definido y bien cuidado.<\/p><\/div><\/div>\t\t\t\t<\/div>\n\t\t\t\t<\/div>\n\t\t\t\t\t<\/div>\n\t\t\t\t<\/div>\n\t\t<div class=\"elementor-element elementor-element-bf204d1 e-flex e-con-boxed e-con e-parent\" data-id=\"bf204d1\" data-element_type=\"container\" data-e-type=\"container\">\n\t\t\t\t\t<div class=\"e-con-inner\">\n\t\t\t\t<div class=\"elementor-element elementor-element-99eb73b elementor-widget elementor-widget-heading\" data-id=\"99eb73b\" data-element_type=\"widget\" data-e-type=\"widget\" data-widget_type=\"heading.default\">\n\t\t\t\t<div class=\"elementor-widget-container\">\n\t\t\t\t\t<h2 class=\"elementor-heading-title elementor-size-default\">Galer\u00eda<\/h2>\t\t\t\t<\/div>\n\t\t\t\t<\/div>\n\t\t\t\t<div class=\"elementor-element elementor-element-1b4800c elementor-widget elementor-widget-gallery\" data-id=\"1b4800c\" data-element_type=\"widget\" data-e-type=\"widget\" data-settings=\"{&quot;gallery_layout&quot;:&quot;masonry&quot;,&quot;columns_tablet&quot;:3,&quot;columns_mobile&quot;:3,&quot;lazyload&quot;:&quot;yes&quot;,&quot;columns&quot;:4,&quot;gap&quot;:{&quot;unit&quot;:&quot;px&quot;,&quot;size&quot;:10,&quot;sizes&quot;:[]},&quot;gap_tablet&quot;:{&quot;unit&quot;:&quot;px&quot;,&quot;size&quot;:10,&quot;sizes&quot;:[]},&quot;gap_mobile&quot;:{&quot;unit&quot;:&quot;px&quot;,&quot;size&quot;:10,&quot;sizes&quot;:[]},&quot;link_to&quot;:&quot;file&quot;,&quot;overlay_background&quot;:&quot;yes&quot;,&quot;content_hover_animation&quot;:&quot;fade-in&quot;}\" data-widget_type=\"gallery.default\">\n\t\t\t\t<div class=\"elementor-widget-container\">\n\t\t\t\t\t\t\t<div class=\"elementor-gallery__container\">\n\t\t\t\t\t\t\t<a class=\"e-gallery-item elementor-gallery-item elementor-animated-content\" href=\"https:\/\/izaskunrobles.com\/wp-content\/uploads\/2024\/12\/facebook_1733080840605_7269067902076402184-Izaskun.jpg\" data-elementor-open-lightbox=\"yes\" data-elementor-lightbox-slideshow=\"1b4800c\" data-elementor-lightbox-title=\"facebook_1733080840605_7269067902076402184 - Izaskun\" data-e-action-hash=\"#elementor-action%3Aaction%3Dlightbox%26settings%3DeyJpZCI6OTIwLCJ1cmwiOiJodHRwczpcL1wvaXphc2t1bnJvYmxlcy5jb21cL3dwLWNvbnRlbnRcL3VwbG9hZHNcLzIwMjRcLzEyXC9mYWNlYm9va18xNzMzMDgwODQwNjA1XzcyNjkwNjc5MDIwNzY0MDIxODQtSXphc2t1bi5qcGciLCJzbGlkZXNob3ciOiIxYjQ4MDBjIn0%3D\">\n\t\t\t\t\t<div class=\"e-gallery-image elementor-gallery-item__image\" data-thumbnail=\"https:\/\/izaskunrobles.com\/wp-content\/uploads\/2024\/12\/facebook_1733080840605_7269067902076402184-Izaskun-240x300.jpg\" data-width=\"240\" data-height=\"300\" aria-label=\"\" role=\"img\" ><\/div>\n\t\t\t\t\t\t\t\t\t\t\t<div class=\"elementor-gallery-item__overlay\"><\/div>\n\t\t\t\t\t\t\t\t\t\t\t\t\t\t<\/a>\n\t\t\t\t\t\t\t<a class=\"e-gallery-item elementor-gallery-item elementor-animated-content\" href=\"https:\/\/izaskunrobles.com\/wp-content\/uploads\/2024\/12\/facebook_1733080765292_7269067586190992860-Izaskun.jpg\" data-elementor-open-lightbox=\"yes\" data-elementor-lightbox-slideshow=\"1b4800c\" data-elementor-lightbox-title=\"facebook_1733080765292_7269067586190992860 - Izaskun\" data-e-action-hash=\"#elementor-action%3Aaction%3Dlightbox%26settings%3DeyJpZCI6OTE4LCJ1cmwiOiJodHRwczpcL1wvaXphc2t1bnJvYmxlcy5jb21cL3dwLWNvbnRlbnRcL3VwbG9hZHNcLzIwMjRcLzEyXC9mYWNlYm9va18xNzMzMDgwNzY1MjkyXzcyNjkwNjc1ODYxOTA5OTI4NjAtSXphc2t1bi5qcGciLCJzbGlkZXNob3ciOiIxYjQ4MDBjIn0%3D\">\n\t\t\t\t\t<div class=\"e-gallery-image elementor-gallery-item__image\" data-thumbnail=\"https:\/\/izaskunrobles.com\/wp-content\/uploads\/2024\/12\/facebook_1733080765292_7269067586190992860-Izaskun-240x300.jpg\" data-width=\"240\" data-height=\"300\" aria-label=\"\" role=\"img\" ><\/div>\n\t\t\t\t\t\t\t\t\t\t\t<div class=\"elementor-gallery-item__overlay\"><\/div>\n\t\t\t\t\t\t\t\t\t\t\t\t\t\t<\/a>\n\t\t\t\t\t\t\t<a class=\"e-gallery-item elementor-gallery-item elementor-animated-content\" href=\"https:\/\/izaskunrobles.com\/wp-content\/uploads\/2024\/12\/facebook_1733080793670_7269067705214198819-Izaskun.jpg\" data-elementor-open-lightbox=\"yes\" data-elementor-lightbox-slideshow=\"1b4800c\" data-elementor-lightbox-title=\"facebook_1733080793670_7269067705214198819 - Izaskun\" data-e-action-hash=\"#elementor-action%3Aaction%3Dlightbox%26settings%3DeyJpZCI6OTE5LCJ1cmwiOiJodHRwczpcL1wvaXphc2t1bnJvYmxlcy5jb21cL3dwLWNvbnRlbnRcL3VwbG9hZHNcLzIwMjRcLzEyXC9mYWNlYm9va18xNzMzMDgwNzkzNjcwXzcyNjkwNjc3MDUyMTQxOTg4MTktSXphc2t1bi5qcGciLCJzbGlkZXNob3ciOiIxYjQ4MDBjIn0%3D\">\n\t\t\t\t\t<div class=\"e-gallery-image elementor-gallery-item__image\" data-thumbnail=\"https:\/\/izaskunrobles.com\/wp-content\/uploads\/2024\/12\/facebook_1733080793670_7269067705214198819-Izaskun-240x300.jpg\" data-width=\"240\" data-height=\"300\" aria-label=\"\" role=\"img\" ><\/div>\n\t\t\t\t\t\t\t\t\t\t\t<div class=\"elementor-gallery-item__overlay\"><\/div>\n\t\t\t\t\t\t\t\t\t\t\t\t\t\t<\/a>\n\t\t\t\t\t\t\t<a class=\"e-gallery-item elementor-gallery-item elementor-animated-content\" href=\"https:\/\/izaskunrobles.com\/wp-content\/uploads\/2024\/12\/facebook_1733080867154_7269068013428179403-Izaskun.jpg\" data-elementor-open-lightbox=\"yes\" data-elementor-lightbox-slideshow=\"1b4800c\" data-elementor-lightbox-title=\"facebook_1733080867154_7269068013428179403 - Izaskun\" data-e-action-hash=\"#elementor-action%3Aaction%3Dlightbox%26settings%3DeyJpZCI6OTIxLCJ1cmwiOiJodHRwczpcL1wvaXphc2t1bnJvYmxlcy5jb21cL3dwLWNvbnRlbnRcL3VwbG9hZHNcLzIwMjRcLzEyXC9mYWNlYm9va18xNzMzMDgwODY3MTU0XzcyNjkwNjgwMTM0MjgxNzk0MDMtSXphc2t1bi5qcGciLCJzbGlkZXNob3ciOiIxYjQ4MDBjIn0%3D\">\n\t\t\t\t\t<div class=\"e-gallery-image elementor-gallery-item__image\" data-thumbnail=\"https:\/\/izaskunrobles.com\/wp-content\/uploads\/2024\/12\/facebook_1733080867154_7269068013428179403-Izaskun-240x300.jpg\" data-width=\"240\" data-height=\"300\" aria-label=\"\" role=\"img\" ><\/div>\n\t\t\t\t\t\t\t\t\t\t\t<div class=\"elementor-gallery-item__overlay\"><\/div>\n\t\t\t\t\t\t\t\t\t\t\t\t\t\t<\/a>\n\t\t\t\t\t\t\t<a class=\"e-gallery-item elementor-gallery-item elementor-animated-content\" href=\"https:\/\/izaskunrobles.com\/wp-content\/uploads\/2024\/12\/facebook_1733080724299_7269067414254032414-Izaskun.jpg\" data-elementor-open-lightbox=\"yes\" data-elementor-lightbox-slideshow=\"1b4800c\" data-elementor-lightbox-title=\"facebook_1733080724299_7269067414254032414 - Izaskun\" data-e-action-hash=\"#elementor-action%3Aaction%3Dlightbox%26settings%3DeyJpZCI6OTE3LCJ1cmwiOiJodHRwczpcL1wvaXphc2t1bnJvYmxlcy5jb21cL3dwLWNvbnRlbnRcL3VwbG9hZHNcLzIwMjRcLzEyXC9mYWNlYm9va18xNzMzMDgwNzI0Mjk5XzcyNjkwNjc0MTQyNTQwMzI0MTQtSXphc2t1bi5qcGciLCJzbGlkZXNob3ciOiIxYjQ4MDBjIn0%3D\">\n\t\t\t\t\t<div class=\"e-gallery-image elementor-gallery-item__image\" data-thumbnail=\"https:\/\/izaskunrobles.com\/wp-content\/uploads\/2024\/12\/facebook_1733080724299_7269067414254032414-Izaskun-300x300.jpg\" data-width=\"300\" data-height=\"300\" aria-label=\"\" role=\"img\" ><\/div>\n\t\t\t\t\t\t\t\t\t\t\t<div class=\"elementor-gallery-item__overlay\"><\/div>\n\t\t\t\t\t\t\t\t\t\t\t\t\t\t<\/a>\n\t\t\t\t\t\t\t<a class=\"e-gallery-item elementor-gallery-item elementor-animated-content\" href=\"https:\/\/izaskunrobles.com\/wp-content\/uploads\/2024\/12\/facebook_1733081071542_7269068870693041488-Izaskun.jpg\" data-elementor-open-lightbox=\"yes\" data-elementor-lightbox-slideshow=\"1b4800c\" data-elementor-lightbox-title=\"facebook_1733081071542_7269068870693041488 - Izaskun\" data-e-action-hash=\"#elementor-action%3Aaction%3Dlightbox%26settings%3DeyJpZCI6OTIyLCJ1cmwiOiJodHRwczpcL1wvaXphc2t1bnJvYmxlcy5jb21cL3dwLWNvbnRlbnRcL3VwbG9hZHNcLzIwMjRcLzEyXC9mYWNlYm9va18xNzMzMDgxMDcxNTQyXzcyNjkwNjg4NzA2OTMwNDE0ODgtSXphc2t1bi5qcGciLCJzbGlkZXNob3ciOiIxYjQ4MDBjIn0%3D\">\n\t\t\t\t\t<div class=\"e-gallery-image elementor-gallery-item__image\" data-thumbnail=\"https:\/\/izaskunrobles.com\/wp-content\/uploads\/2024\/12\/facebook_1733081071542_7269068870693041488-Izaskun-300x200.jpg\" data-width=\"300\" data-height=\"200\" aria-label=\"\" role=\"img\" ><\/div>\n\t\t\t\t\t\t\t\t\t\t\t<div class=\"elementor-gallery-item__overlay\"><\/div>\n\t\t\t\t\t\t\t\t\t\t\t\t\t\t<\/a>\n\t\t\t\t\t\t\t<a class=\"e-gallery-item elementor-gallery-item elementor-animated-content\" href=\"https:\/\/izaskunrobles.com\/wp-content\/uploads\/2024\/12\/facebook_1733080430417_7269066181620717329-Izaskun-1.jpg\" data-elementor-open-lightbox=\"yes\" data-elementor-lightbox-slideshow=\"1b4800c\" data-elementor-lightbox-title=\"facebook_1733080430417_7269066181620717329 - Izaskun\" data-e-action-hash=\"#elementor-action%3Aaction%3Dlightbox%26settings%3DeyJpZCI6OTIzLCJ1cmwiOiJodHRwczpcL1wvaXphc2t1bnJvYmxlcy5jb21cL3dwLWNvbnRlbnRcL3VwbG9hZHNcLzIwMjRcLzEyXC9mYWNlYm9va18xNzMzMDgwNDMwNDE3XzcyNjkwNjYxODE2MjA3MTczMjktSXphc2t1bi0xLmpwZyIsInNsaWRlc2hvdyI6IjFiNDgwMGMifQ%3D%3D\">\n\t\t\t\t\t<div class=\"e-gallery-image elementor-gallery-item__image\" data-thumbnail=\"https:\/\/izaskunrobles.com\/wp-content\/uploads\/2024\/12\/facebook_1733080430417_7269066181620717329-Izaskun-1-300x300.jpg\" data-width=\"300\" data-height=\"300\" aria-label=\"\" role=\"img\" ><\/div>\n\t\t\t\t\t\t\t\t\t\t\t<div class=\"elementor-gallery-item__overlay\"><\/div>\n\t\t\t\t\t\t\t\t\t\t\t\t\t\t<\/a>\n\t\t\t\t\t\t\t<a class=\"e-gallery-item elementor-gallery-item elementor-animated-content\" href=\"https:\/\/izaskunrobles.com\/wp-content\/uploads\/2024\/12\/facebook_1733080944854_7269068339326218849-Izaskun.jpg\" data-elementor-open-lightbox=\"yes\" data-elementor-lightbox-slideshow=\"1b4800c\" data-elementor-lightbox-title=\"dav\" data-e-action-hash=\"#elementor-action%3Aaction%3Dlightbox%26settings%3DeyJpZCI6OTI0LCJ1cmwiOiJodHRwczpcL1wvaXphc2t1bnJvYmxlcy5jb21cL3dwLWNvbnRlbnRcL3VwbG9hZHNcLzIwMjRcLzEyXC9mYWNlYm9va18xNzMzMDgwOTQ0ODU0XzcyNjkwNjgzMzkzMjYyMTg4NDktSXphc2t1bi5qcGciLCJzbGlkZXNob3ciOiIxYjQ4MDBjIn0%3D\">\n\t\t\t\t\t<div class=\"e-gallery-image elementor-gallery-item__image\" data-thumbnail=\"https:\/\/izaskunrobles.com\/wp-content\/uploads\/2024\/12\/facebook_1733080944854_7269068339326218849-Izaskun-300x300.jpg\" data-width=\"300\" data-height=\"300\" aria-label=\"\" role=\"img\" ><\/div>\n\t\t\t\t\t\t\t\t\t\t\t<div class=\"elementor-gallery-item__overlay\"><\/div>\n\t\t\t\t\t\t\t\t\t\t\t\t\t\t<\/a>\n\t\t\t\t\t<\/div>\n\t\t\t\t\t<\/div>\n\t\t\t\t<\/div>\n\t\t\t\t\t<\/div>\n\t\t\t\t<\/div>\n\t\t\t\t<\/div>","protected":false},"excerpt":{"rendered":"<p>Servicios Peluquer\u00eda Femenina Ofrecemos todo tipo de trabajos para realzar tu estilo y belleza: &#8211; Recogidos: Peinados elegantes para ocasiones especiales. &#8211; Tintes y mechas: Cambios de color y t\u00e9cnicas de iluminaci\u00f3n para un look moderno y personalizado. &#8211; Alisados de queratina: Tratamientos profesionales para un cabello suave, brillante y sin encrespamiento. &#8211; Corte y [&hellip;]<\/p>\n","protected":false},"author":1,"featured_media":0,"parent":0,"menu_order":0,"comment_status":"closed","ping_status":"closed","template":"","meta":{"footnotes":""},"class_list":["post-30","page","type-page","status-publish","hentry"],"yoast_head":"<!-- This site is optimized with the Yoast SEO plugin v27.3 - https:\/\/yoast.com\/product\/yoast-seo-wordpress\/ -->\n<title>Servicios - Izaskun Robles<\/title>\n<meta name=\"robots\" content=\"index, follow, max-snippet:-1, max-image-preview:large, max-video-preview:-1\" \/>\n<link rel=\"canonical\" href=\"https:\/\/izaskunrobles.com\/en\/servicios\/\" \/>\n<meta property=\"og:locale\" content=\"en_US\" \/>\n<meta property=\"og:type\" content=\"article\" \/>\n<meta property=\"og:title\" content=\"Servicios - Izaskun Robles\" \/>\n<meta property=\"og:description\" content=\"Servicios Peluquer\u00eda Femenina Ofrecemos todo tipo de trabajos para realzar tu estilo y belleza: &#8211; Recogidos: Peinados elegantes para ocasiones especiales. &#8211; Tintes y mechas: Cambios de color y t\u00e9cnicas de iluminaci\u00f3n para un look moderno y personalizado. &#8211; Alisados de queratina: Tratamientos profesionales para un cabello suave, brillante y sin encrespamiento. &#8211; Corte y [&hellip;]\" \/>\n<meta property=\"og:url\" content=\"https:\/\/izaskunrobles.com\/en\/servicios\/\" \/>\n<meta property=\"og:site_name\" content=\"Izaskun Robles\" \/>\n<meta property=\"article:modified_time\" content=\"2024-12-10T16:59:40+00:00\" \/>\n<meta property=\"og:image\" content=\"https:\/\/izaskunrobles.com\/wp-content\/uploads\/2024\/12\/facebook_1733080840605_7269067902076402184-Izaskun.jpg\" \/>\n\t<meta property=\"og:image:width\" content=\"540\" \/>\n\t<meta property=\"og:image:height\" content=\"675\" \/>\n\t<meta property=\"og:image:type\" content=\"image\/jpeg\" \/>\n<meta name=\"twitter:card\" content=\"summary_large_image\" \/>\n<meta name=\"twitter:label1\" content=\"Est. reading time\" \/>\n\t<meta name=\"twitter:data1\" content=\"1 minute\" \/>\n<script type=\"application\/ld+json\" class=\"yoast-schema-graph\">{\"@context\":\"https:\\\/\\\/schema.org\",\"@graph\":[{\"@type\":\"WebPage\",\"@id\":\"https:\\\/\\\/izaskunrobles.com\\\/servicios\\\/\",\"url\":\"https:\\\/\\\/izaskunrobles.com\\\/servicios\\\/\",\"name\":\"Servicios - Izaskun Robles\",\"isPartOf\":{\"@id\":\"https:\\\/\\\/izaskunrobles.com\\\/#website\"},\"primaryImageOfPage\":{\"@id\":\"https:\\\/\\\/izaskunrobles.com\\\/servicios\\\/#primaryimage\"},\"image\":{\"@id\":\"https:\\\/\\\/izaskunrobles.com\\\/servicios\\\/#primaryimage\"},\"thumbnailUrl\":\"https:\\\/\\\/izaskunrobles.com\\\/wp-content\\\/uploads\\\/2024\\\/12\\\/facebook_1733080840605_7269067902076402184-Izaskun.jpg\",\"datePublished\":\"2024-09-20T11:50:15+00:00\",\"dateModified\":\"2024-12-10T16:59:40+00:00\",\"breadcrumb\":{\"@id\":\"https:\\\/\\\/izaskunrobles.com\\\/servicios\\\/#breadcrumb\"},\"inLanguage\":\"en-US\",\"potentialAction\":[{\"@type\":\"ReadAction\",\"target\":[\"https:\\\/\\\/izaskunrobles.com\\\/servicios\\\/\"]}]},{\"@type\":\"ImageObject\",\"inLanguage\":\"en-US\",\"@id\":\"https:\\\/\\\/izaskunrobles.com\\\/servicios\\\/#primaryimage\",\"url\":\"https:\\\/\\\/izaskunrobles.com\\\/wp-content\\\/uploads\\\/2024\\\/12\\\/facebook_1733080840605_7269067902076402184-Izaskun.jpg\",\"contentUrl\":\"https:\\\/\\\/izaskunrobles.com\\\/wp-content\\\/uploads\\\/2024\\\/12\\\/facebook_1733080840605_7269067902076402184-Izaskun.jpg\"},{\"@type\":\"BreadcrumbList\",\"@id\":\"https:\\\/\\\/izaskunrobles.com\\\/servicios\\\/#breadcrumb\",\"itemListElement\":[{\"@type\":\"ListItem\",\"position\":1,\"name\":\"Portada\",\"item\":\"https:\\\/\\\/izaskunrobles.com\\\/\"},{\"@type\":\"ListItem\",\"position\":2,\"name\":\"Servicios\"}]},{\"@type\":\"WebSite\",\"@id\":\"https:\\\/\\\/izaskunrobles.com\\\/#website\",\"url\":\"https:\\\/\\\/izaskunrobles.com\\\/\",\"name\":\"Izaskun Robles\",\"description\":\"PELUQUERIA &amp; BARBERIA\",\"publisher\":{\"@id\":\"https:\\\/\\\/izaskunrobles.com\\\/#organization\"},\"potentialAction\":[{\"@type\":\"SearchAction\",\"target\":{\"@type\":\"EntryPoint\",\"urlTemplate\":\"https:\\\/\\\/izaskunrobles.com\\\/?s={search_term_string}\"},\"query-input\":{\"@type\":\"PropertyValueSpecification\",\"valueRequired\":true,\"valueName\":\"search_term_string\"}}],\"inLanguage\":\"en-US\"},{\"@type\":\"Organization\",\"@id\":\"https:\\\/\\\/izaskunrobles.com\\\/#organization\",\"name\":\"Izaskun Robles\",\"url\":\"https:\\\/\\\/izaskunrobles.com\\\/\",\"logo\":{\"@type\":\"ImageObject\",\"inLanguage\":\"en-US\",\"@id\":\"https:\\\/\\\/izaskunrobles.com\\\/#\\\/schema\\\/logo\\\/image\\\/\",\"url\":\"https:\\\/\\\/izaskunrobles.com\\\/wp-content\\\/uploads\\\/2024\\\/12\\\/cropped-Design-sem-nome.jpg\",\"contentUrl\":\"https:\\\/\\\/izaskunrobles.com\\\/wp-content\\\/uploads\\\/2024\\\/12\\\/cropped-Design-sem-nome.jpg\",\"width\":500,\"height\":488,\"caption\":\"Izaskun Robles\"},\"image\":{\"@id\":\"https:\\\/\\\/izaskunrobles.com\\\/#\\\/schema\\\/logo\\\/image\\\/\"}}]}<\/script>\n<!-- \/ Yoast SEO plugin. -->","yoast_head_json":{"title":"Servicios - Izaskun Robles","robots":{"index":"index","follow":"follow","max-snippet":"max-snippet:-1","max-image-preview":"max-image-preview:large","max-video-preview":"max-video-preview:-1"},"canonical":"https:\/\/izaskunrobles.com\/en\/servicios\/","og_locale":"en_US","og_type":"article","og_title":"Servicios - Izaskun Robles","og_description":"Servicios Peluquer\u00eda Femenina Ofrecemos todo tipo de trabajos para realzar tu estilo y belleza: &#8211; Recogidos: Peinados elegantes para ocasiones especiales. &#8211; Tintes y mechas: Cambios de color y t\u00e9cnicas de iluminaci\u00f3n para un look moderno y personalizado. &#8211; Alisados de queratina: Tratamientos profesionales para un cabello suave, brillante y sin encrespamiento. &#8211; Corte y [&hellip;]","og_url":"https:\/\/izaskunrobles.com\/en\/servicios\/","og_site_name":"Izaskun Robles","article_modified_time":"2024-12-10T16:59:40+00:00","og_image":[{"width":540,"height":675,"url":"https:\/\/izaskunrobles.com\/wp-content\/uploads\/2024\/12\/facebook_1733080840605_7269067902076402184-Izaskun.jpg","type":"image\/jpeg"}],"twitter_card":"summary_large_image","twitter_misc":{"Est. reading time":"1 minute"},"schema":{"@context":"https:\/\/schema.org","@graph":[{"@type":"WebPage","@id":"https:\/\/izaskunrobles.com\/servicios\/","url":"https:\/\/izaskunrobles.com\/servicios\/","name":"Servicios - Izaskun Robles","isPartOf":{"@id":"https:\/\/izaskunrobles.com\/#website"},"primaryImageOfPage":{"@id":"https:\/\/izaskunrobles.com\/servicios\/#primaryimage"},"image":{"@id":"https:\/\/izaskunrobles.com\/servicios\/#primaryimage"},"thumbnailUrl":"https:\/\/izaskunrobles.com\/wp-content\/uploads\/2024\/12\/facebook_1733080840605_7269067902076402184-Izaskun.jpg","datePublished":"2024-09-20T11:50:15+00:00","dateModified":"2024-12-10T16:59:40+00:00","breadcrumb":{"@id":"https:\/\/izaskunrobles.com\/servicios\/#breadcrumb"},"inLanguage":"en-US","potentialAction":[{"@type":"ReadAction","target":["https:\/\/izaskunrobles.com\/servicios\/"]}]},{"@type":"ImageObject","inLanguage":"en-US","@id":"https:\/\/izaskunrobles.com\/servicios\/#primaryimage","url":"https:\/\/izaskunrobles.com\/wp-content\/uploads\/2024\/12\/facebook_1733080840605_7269067902076402184-Izaskun.jpg","contentUrl":"https:\/\/izaskunrobles.com\/wp-content\/uploads\/2024\/12\/facebook_1733080840605_7269067902076402184-Izaskun.jpg"},{"@type":"BreadcrumbList","@id":"https:\/\/izaskunrobles.com\/servicios\/#breadcrumb","itemListElement":[{"@type":"ListItem","position":1,"name":"Portada","item":"https:\/\/izaskunrobles.com\/"},{"@type":"ListItem","position":2,"name":"Servicios"}]},{"@type":"WebSite","@id":"https:\/\/izaskunrobles.com\/#website","url":"https:\/\/izaskunrobles.com\/","name":"Izaskun Robles","description":"PELUQUERIA &amp; BARBERIA","publisher":{"@id":"https:\/\/izaskunrobles.com\/#organization"},"potentialAction":[{"@type":"SearchAction","target":{"@type":"EntryPoint","urlTemplate":"https:\/\/izaskunrobles.com\/?s={search_term_string}"},"query-input":{"@type":"PropertyValueSpecification","valueRequired":true,"valueName":"search_term_string"}}],"inLanguage":"en-US"},{"@type":"Organization","@id":"https:\/\/izaskunrobles.com\/#organization","name":"Izaskun Robles","url":"https:\/\/izaskunrobles.com\/","logo":{"@type":"ImageObject","inLanguage":"en-US","@id":"https:\/\/izaskunrobles.com\/#\/schema\/logo\/image\/","url":"https:\/\/izaskunrobles.com\/wp-content\/uploads\/2024\/12\/cropped-Design-sem-nome.jpg","contentUrl":"https:\/\/izaskunrobles.com\/wp-content\/uploads\/2024\/12\/cropped-Design-sem-nome.jpg","width":500,"height":488,"caption":"Izaskun Robles"},"image":{"@id":"https:\/\/izaskunrobles.com\/#\/schema\/logo\/image\/"}}]}},"_links":{"self":[{"href":"https:\/\/izaskunrobles.com\/en\/wp-json\/wp\/v2\/pages\/30","targetHints":{"allow":["GET"]}}],"collection":[{"href":"https:\/\/izaskunrobles.com\/en\/wp-json\/wp\/v2\/pages"}],"about":[{"href":"https:\/\/izaskunrobles.com\/en\/wp-json\/wp\/v2\/types\/page"}],"author":[{"embeddable":true,"href":"https:\/\/izaskunrobles.com\/en\/wp-json\/wp\/v2\/users\/1"}],"replies":[{"embeddable":true,"href":"https:\/\/izaskunrobles.com\/en\/wp-json\/wp\/v2\/comments?post=30"}],"version-history":[{"count":55,"href":"https:\/\/izaskunrobles.com\/en\/wp-json\/wp\/v2\/pages\/30\/revisions"}],"predecessor-version":[{"id":1073,"href":"https:\/\/izaskunrobles.com\/en\/wp-json\/wp\/v2\/pages\/30\/revisions\/1073"}],"wp:attachment":[{"href":"https:\/\/izaskunrobles.com\/en\/wp-json\/wp\/v2\/media?parent=30"}],"curies":[{"name":"wp","href":"https:\/\/api.w.org\/{rel}","templated":true}]}}