{"id":2,"date":"2024-09-20T11:16:08","date_gmt":"2024-09-20T11:16:08","guid":{"rendered":"https:\/\/carpinteriaartetxe.rkinformatika.online\/?page_id=2"},"modified":"2024-12-10T16:59:44","modified_gmt":"2024-12-10T16:59:44","slug":"inicio","status":"publish","type":"page","link":"https:\/\/izaskunrobles.com\/en\/","title":{"rendered":"Home"},"content":{"rendered":"<div data-elementor-type=\"wp-page\" data-elementor-id=\"2\" class=\"elementor elementor-2\" data-elementor-post-type=\"page\">\n\t\t\t\t<div class=\"elementor-element elementor-element-99bfd16 e-con-full e-flex e-con e-parent\" data-id=\"99bfd16\" data-element_type=\"container\" data-e-type=\"container\" data-settings=\"{&quot;background_background&quot;:&quot;classic&quot;}\">\n\t\t<div class=\"elementor-element elementor-element-186c11d e-con-full e-flex e-con e-child\" data-id=\"186c11d\" data-element_type=\"container\" data-e-type=\"container\">\n\t\t\t\t<div class=\"elementor-element elementor-element-9acee68 elementor-widget elementor-widget-text-editor\" data-id=\"9acee68\" data-element_type=\"widget\" data-e-type=\"widget\" data-widget_type=\"text-editor.default\">\n\t\t\t\t<div class=\"elementor-widget-container\">\n\t\t\t\t\t\t\t\t\t<h2>All types of hairdressing &amp; barbering services<\/h2>\t\t\t\t\t\t\t\t<\/div>\n\t\t\t\t<\/div>\n\t\t\t\t<\/div>\n\t\t\t\t<\/div>\n\t\t<div class=\"elementor-element elementor-element-86dc876 e-flex e-con-boxed e-con e-parent\" data-id=\"86dc876\" data-element_type=\"container\" data-e-type=\"container\">\n\t\t\t\t\t<div class=\"e-con-inner\">\n\t\t<div class=\"elementor-element elementor-element-7e47aad e-con-full e-flex e-con e-child\" data-id=\"7e47aad\" data-element_type=\"container\" data-e-type=\"container\" data-settings=\"{&quot;background_background&quot;:&quot;classic&quot;}\">\n\t\t<div class=\"elementor-element elementor-element-f30687c e-con-full e-flex e-con e-child\" data-id=\"f30687c\" data-element_type=\"container\" data-e-type=\"container\" data-settings=\"{&quot;background_background&quot;:&quot;classic&quot;}\">\n\t\t\t\t<div class=\"elementor-element elementor-element-52477ae e-transform elementor-widget elementor-widget-counter\" data-id=\"52477ae\" data-element_type=\"widget\" data-e-type=\"widget\" data-settings=\"{&quot;_transform_rotateZ_effect&quot;:{&quot;unit&quot;:&quot;px&quot;,&quot;size&quot;:-16,&quot;sizes&quot;:[]},&quot;_transform_rotateZ_effect_tablet&quot;:{&quot;unit&quot;:&quot;deg&quot;,&quot;size&quot;:&quot;&quot;,&quot;sizes&quot;:[]},&quot;_transform_rotateZ_effect_mobile&quot;:{&quot;unit&quot;:&quot;deg&quot;,&quot;size&quot;:&quot;&quot;,&quot;sizes&quot;:[]}}\" data-widget_type=\"counter.default\">\n\t\t\t\t<div class=\"elementor-widget-container\">\n\t\t\t\t\t\t\t<div class=\"elementor-counter\">\n\t\t\t<div class=\"elementor-counter-title\">Years<\/div>\t\t\t<div class=\"elementor-counter-number-wrapper\">\n\t\t\t\t<span class=\"elementor-counter-number-prefix\">+<\/span>\n\t\t\t\t<span class=\"elementor-counter-number\" data-duration=\"2000\" data-to-value=\"20\" data-from-value=\"0\">0<\/span>\n\t\t\t\t<span class=\"elementor-counter-number-suffix\"><\/span>\n\t\t\t<\/div>\n\t\t<\/div>\n\t\t\t\t\t\t<\/div>\n\t\t\t\t<\/div>\n\t\t\t\t<\/div>\n\t\t\t\t<\/div>\n\t\t<div class=\"elementor-element elementor-element-e54591e e-con-full e-flex e-con e-child\" data-id=\"e54591e\" data-element_type=\"container\" data-e-type=\"container\">\n\t\t\t\t<div class=\"elementor-element elementor-element-54c724a elementor-widget__width-initial elementor-widget elementor-widget-heading\" data-id=\"54c724a\" data-element_type=\"widget\" data-e-type=\"widget\" data-widget_type=\"heading.default\">\n\t\t\t\t<div class=\"elementor-widget-container\">\n\t\t\t\t\t<h2 class=\"elementor-heading-title elementor-size-default\">About Us<\/h2>\t\t\t\t<\/div>\n\t\t\t\t<\/div>\n\t\t\t\t<div class=\"elementor-element elementor-element-7278379 elementor-widget elementor-widget-text-editor\" data-id=\"7278379\" data-element_type=\"widget\" data-e-type=\"widget\" data-widget_type=\"text-editor.default\">\n\t\t\t\t<div class=\"elementor-widget-container\">\n\t\t\t\t\t\t\t\t\t<p>With over <strong>20 years of experience<\/strong> in the industry, dedicated to perfecting my technique and providing exceptional service, in 2016 I decided to take a step forward and open my own business in <strong>Galdakao.<\/strong>This project was born out of a passion for personal care and a desire to create a space where each client feels uniquely valued.<\/p><p>I invite you to visit us in Galdakao and discover a place where style and personal care are our top priorities. It will be a pleasure to serve you!<\/p><p>We work with all types of women\u2019s hairdressing services (updos, coloring and highlights, keratin straightening, cutting, and styling) as well as a barber service with straight razors in a barber chair.\u00a0<\/p>\t\t\t\t\t\t\t\t<\/div>\n\t\t\t\t<\/div>\n\t\t\t\t<\/div>\n\t\t\t\t\t<\/div>\n\t\t\t\t<\/div>\n\t\t<div class=\"elementor-element elementor-element-0d4684a e-flex e-con-boxed e-con e-parent\" data-id=\"0d4684a\" data-element_type=\"container\" data-e-type=\"container\">\n\t\t\t\t\t<div class=\"e-con-inner\">\n\t\t<div class=\"elementor-element elementor-element-c03a162 e-con-full e-flex e-con e-child\" data-id=\"c03a162\" data-element_type=\"container\" data-e-type=\"container\">\n\t\t\t\t<div class=\"elementor-element elementor-element-5f42bbb elementor-cta--skin-cover elementor-animated-content elementor-bg-transform elementor-bg-transform-zoom-in elementor-widget elementor-widget-call-to-action\" data-id=\"5f42bbb\" data-element_type=\"widget\" data-e-type=\"widget\" data-widget_type=\"call-to-action.default\">\n\t\t\t\t<div class=\"elementor-widget-container\">\n\t\t\t\t\t\t\t<div class=\"elementor-cta\">\n\t\t\t\t\t<div class=\"elementor-cta__bg-wrapper\">\n\t\t\t\t<div class=\"elementor-cta__bg elementor-bg\" style=\"background-image: url(https:\/\/izaskunrobles.com\/wp-content\/uploads\/2024\/12\/facebook_1733081071542_7269068870693041488-Izaskun-1024x683.jpg);\" role=\"img\" aria-label=\"facebook_1733081071542_7269068870693041488 - Izaskun\"><\/div>\n\t\t\t\t<div class=\"elementor-cta__bg-overlay\"><\/div>\n\t\t\t<\/div>\n\t\t\t\t\t\t\t<div class=\"elementor-cta__content\">\n\t\t\t\t\n\t\t\t\t\t\t\t\t\t<h2 class=\"elementor-cta__title elementor-cta__content-item elementor-content-item elementor-animated-item--grow\">\n\t\t\t\t\t\tCome and meet us in Galdakao\t\t\t\t\t<\/h2>\n\t\t\t\t\n\t\t\t\t\n\t\t\t\t\t\t\t\t\t<div class=\"elementor-cta__button-wrapper elementor-cta__content-item elementor-content-item elementor-animated-item--grow\">\n\t\t\t\t\t<a class=\"elementor-cta__button elementor-button elementor-size-\" href=\"https:\/\/izaskunrobles.com\/en\/contacto\/\">\n\t\t\t\t\t\tContact us\t\t\t\t\t<\/a>\n\t\t\t\t\t<\/div>\n\t\t\t\t\t\t\t<\/div>\n\t\t\t\t\t\t<\/div>\n\t\t\t\t\t\t<\/div>\n\t\t\t\t<\/div>\n\t\t\t\t<\/div>\n\t\t\t\t\t<\/div>\n\t\t\t\t<\/div>\n\t\t\t\t<\/div>","protected":false},"excerpt":{"rendered":"<p>Todo tipo de trabajos de peluquer\u00eda &amp; barber\u00eda A\u00f1os + 0 Sobre Nosotros Con m\u00e1s de 20 a\u00f1os de experiencia en el sector, dedicados a perfeccionar mi t\u00e9cnica y ofrecer un servicio excepcional, en el a\u00f1o 2016 decid\u00ed dar un paso adelante y abrir mi propio negocio en Galdakao. Este proyecto naci\u00f3 de la pasi\u00f3n [&hellip;]<\/p>\n","protected":false},"author":1,"featured_media":0,"parent":0,"menu_order":0,"comment_status":"closed","ping_status":"closed","template":"","meta":{"footnotes":""},"class_list":["post-2","page","type-page","status-publish","hentry"],"yoast_head":"<!-- This site is optimized with the Yoast SEO plugin v27.3 - https:\/\/yoast.com\/product\/yoast-seo-wordpress\/ -->\n<title>Inicio - Izaskun Robles<\/title>\n<meta name=\"robots\" content=\"index, follow, max-snippet:-1, max-image-preview:large, max-video-preview:-1\" \/>\n<link rel=\"canonical\" href=\"https:\/\/izaskunrobles.com\/en\/\" \/>\n<meta property=\"og:locale\" content=\"en_US\" \/>\n<meta property=\"og:type\" content=\"article\" \/>\n<meta property=\"og:title\" content=\"Inicio - Izaskun Robles\" \/>\n<meta property=\"og:description\" content=\"Todo tipo de trabajos de peluquer\u00eda &amp; barber\u00eda A\u00f1os + 0 Sobre Nosotros Con m\u00e1s de 20 a\u00f1os de experiencia en el sector, dedicados a perfeccionar mi t\u00e9cnica y ofrecer un servicio excepcional, en el a\u00f1o 2016 decid\u00ed dar un paso adelante y abrir mi propio negocio en Galdakao. Este proyecto naci\u00f3 de la pasi\u00f3n [&hellip;]\" \/>\n<meta property=\"og:url\" content=\"https:\/\/izaskunrobles.com\/en\/\" \/>\n<meta property=\"og:site_name\" content=\"Izaskun Robles\" \/>\n<meta property=\"article:modified_time\" content=\"2024-12-10T16:59:44+00:00\" \/>\n<meta name=\"twitter:card\" content=\"summary_large_image\" \/>\n<meta name=\"twitter:label1\" content=\"Est. reading time\" \/>\n\t<meta name=\"twitter:data1\" content=\"1 minute\" \/>\n<script type=\"application\/ld+json\" class=\"yoast-schema-graph\">{\"@context\":\"https:\\\/\\\/schema.org\",\"@graph\":[{\"@type\":\"WebPage\",\"@id\":\"https:\\\/\\\/izaskunrobles.com\\\/\",\"url\":\"https:\\\/\\\/izaskunrobles.com\\\/\",\"name\":\"Inicio - Izaskun Robles\",\"isPartOf\":{\"@id\":\"https:\\\/\\\/izaskunrobles.com\\\/#website\"},\"datePublished\":\"2024-09-20T11:16:08+00:00\",\"dateModified\":\"2024-12-10T16:59:44+00:00\",\"breadcrumb\":{\"@id\":\"https:\\\/\\\/izaskunrobles.com\\\/#breadcrumb\"},\"inLanguage\":\"en-US\",\"potentialAction\":[{\"@type\":\"ReadAction\",\"target\":[\"https:\\\/\\\/izaskunrobles.com\\\/\"]}]},{\"@type\":\"BreadcrumbList\",\"@id\":\"https:\\\/\\\/izaskunrobles.com\\\/#breadcrumb\",\"itemListElement\":[{\"@type\":\"ListItem\",\"position\":1,\"name\":\"Portada\",\"item\":\"https:\\\/\\\/izaskunrobles.com\\\/\"},{\"@type\":\"ListItem\",\"position\":2,\"name\":\"Inicio\"}]},{\"@type\":\"WebSite\",\"@id\":\"https:\\\/\\\/izaskunrobles.com\\\/#website\",\"url\":\"https:\\\/\\\/izaskunrobles.com\\\/\",\"name\":\"Izaskun Robles\",\"description\":\"PELUQUERIA &amp; BARBERIA\",\"publisher\":{\"@id\":\"https:\\\/\\\/izaskunrobles.com\\\/#organization\"},\"potentialAction\":[{\"@type\":\"SearchAction\",\"target\":{\"@type\":\"EntryPoint\",\"urlTemplate\":\"https:\\\/\\\/izaskunrobles.com\\\/?s={search_term_string}\"},\"query-input\":{\"@type\":\"PropertyValueSpecification\",\"valueRequired\":true,\"valueName\":\"search_term_string\"}}],\"inLanguage\":\"en-US\"},{\"@type\":\"Organization\",\"@id\":\"https:\\\/\\\/izaskunrobles.com\\\/#organization\",\"name\":\"Izaskun Robles\",\"url\":\"https:\\\/\\\/izaskunrobles.com\\\/\",\"logo\":{\"@type\":\"ImageObject\",\"inLanguage\":\"en-US\",\"@id\":\"https:\\\/\\\/izaskunrobles.com\\\/#\\\/schema\\\/logo\\\/image\\\/\",\"url\":\"https:\\\/\\\/izaskunrobles.com\\\/wp-content\\\/uploads\\\/2024\\\/12\\\/cropped-Design-sem-nome.jpg\",\"contentUrl\":\"https:\\\/\\\/izaskunrobles.com\\\/wp-content\\\/uploads\\\/2024\\\/12\\\/cropped-Design-sem-nome.jpg\",\"width\":500,\"height\":488,\"caption\":\"Izaskun Robles\"},\"image\":{\"@id\":\"https:\\\/\\\/izaskunrobles.com\\\/#\\\/schema\\\/logo\\\/image\\\/\"}}]}<\/script>\n<!-- \/ Yoast SEO plugin. -->","yoast_head_json":{"title":"Inicio - Izaskun Robles","robots":{"index":"index","follow":"follow","max-snippet":"max-snippet:-1","max-image-preview":"max-image-preview:large","max-video-preview":"max-video-preview:-1"},"canonical":"https:\/\/izaskunrobles.com\/en\/","og_locale":"en_US","og_type":"article","og_title":"Inicio - Izaskun Robles","og_description":"Todo tipo de trabajos de peluquer\u00eda &amp; barber\u00eda A\u00f1os + 0 Sobre Nosotros Con m\u00e1s de 20 a\u00f1os de experiencia en el sector, dedicados a perfeccionar mi t\u00e9cnica y ofrecer un servicio excepcional, en el a\u00f1o 2016 decid\u00ed dar un paso adelante y abrir mi propio negocio en Galdakao. Este proyecto naci\u00f3 de la pasi\u00f3n [&hellip;]","og_url":"https:\/\/izaskunrobles.com\/en\/","og_site_name":"Izaskun Robles","article_modified_time":"2024-12-10T16:59:44+00:00","twitter_card":"summary_large_image","twitter_misc":{"Est. reading time":"1 minute"},"schema":{"@context":"https:\/\/schema.org","@graph":[{"@type":"WebPage","@id":"https:\/\/izaskunrobles.com\/","url":"https:\/\/izaskunrobles.com\/","name":"Inicio - Izaskun Robles","isPartOf":{"@id":"https:\/\/izaskunrobles.com\/#website"},"datePublished":"2024-09-20T11:16:08+00:00","dateModified":"2024-12-10T16:59:44+00:00","breadcrumb":{"@id":"https:\/\/izaskunrobles.com\/#breadcrumb"},"inLanguage":"en-US","potentialAction":[{"@type":"ReadAction","target":["https:\/\/izaskunrobles.com\/"]}]},{"@type":"BreadcrumbList","@id":"https:\/\/izaskunrobles.com\/#breadcrumb","itemListElement":[{"@type":"ListItem","position":1,"name":"Portada","item":"https:\/\/izaskunrobles.com\/"},{"@type":"ListItem","position":2,"name":"Inicio"}]},{"@type":"WebSite","@id":"https:\/\/izaskunrobles.com\/#website","url":"https:\/\/izaskunrobles.com\/","name":"Izaskun Robles","description":"PELUQUERIA &amp; BARBERIA","publisher":{"@id":"https:\/\/izaskunrobles.com\/#organization"},"potentialAction":[{"@type":"SearchAction","target":{"@type":"EntryPoint","urlTemplate":"https:\/\/izaskunrobles.com\/?s={search_term_string}"},"query-input":{"@type":"PropertyValueSpecification","valueRequired":true,"valueName":"search_term_string"}}],"inLanguage":"en-US"},{"@type":"Organization","@id":"https:\/\/izaskunrobles.com\/#organization","name":"Izaskun Robles","url":"https:\/\/izaskunrobles.com\/","logo":{"@type":"ImageObject","inLanguage":"en-US","@id":"https:\/\/izaskunrobles.com\/#\/schema\/logo\/image\/","url":"https:\/\/izaskunrobles.com\/wp-content\/uploads\/2024\/12\/cropped-Design-sem-nome.jpg","contentUrl":"https:\/\/izaskunrobles.com\/wp-content\/uploads\/2024\/12\/cropped-Design-sem-nome.jpg","width":500,"height":488,"caption":"Izaskun Robles"},"image":{"@id":"https:\/\/izaskunrobles.com\/#\/schema\/logo\/image\/"}}]}},"_links":{"self":[{"href":"https:\/\/izaskunrobles.com\/en\/wp-json\/wp\/v2\/pages\/2","targetHints":{"allow":["GET"]}}],"collection":[{"href":"https:\/\/izaskunrobles.com\/en\/wp-json\/wp\/v2\/pages"}],"about":[{"href":"https:\/\/izaskunrobles.com\/en\/wp-json\/wp\/v2\/types\/page"}],"author":[{"embeddable":true,"href":"https:\/\/izaskunrobles.com\/en\/wp-json\/wp\/v2\/users\/1"}],"replies":[{"embeddable":true,"href":"https:\/\/izaskunrobles.com\/en\/wp-json\/wp\/v2\/comments?post=2"}],"version-history":[{"count":60,"href":"https:\/\/izaskunrobles.com\/en\/wp-json\/wp\/v2\/pages\/2\/revisions"}],"predecessor-version":[{"id":1067,"href":"https:\/\/izaskunrobles.com\/en\/wp-json\/wp\/v2\/pages\/2\/revisions\/1067"}],"wp:attachment":[{"href":"https:\/\/izaskunrobles.com\/en\/wp-json\/wp\/v2\/media?parent=2"}],"curies":[{"name":"wp","href":"https:\/\/api.w.org\/{rel}","templated":true}]}}